{"id":1847,"date":"2025-04-10T11:35:46","date_gmt":"2025-04-10T09:35:46","guid":{"rendered":"https:\/\/www.gftd.de\/datenschutzhinweise\/"},"modified":"2025-04-10T11:36:52","modified_gmt":"2025-04-10T09:36:52","slug":"dataprotection","status":"publish","type":"page","link":"https:\/\/www.gftd.de\/en\/dataprotection\/","title":{"rendered":"Datenschutzhinweise"},"content":{"rendered":"\n<h3 class=\"wp-block-heading\">Datenschutzerkl\u00e4rung f\u00fcr die Nutzung unserer Webseiten<\/h3>\n\n<p>Wir erheben, verarbeiten und nutzen Ihre Daten nur im Rahmen der gesetzlichen Bestimmungen. Diese Datenschutzerkl\u00e4rung gilt ausschlie\u00dflich f\u00fcr die Nutzung der von uns angebotenen Webseiten. Sie gilt nicht f\u00fcr die Webseiten anderer Dienstanbieter, auf die wir lediglich durch einen Link verweisen.<\/p>\n\n<p>Bei der Nutzung unserer Webseiten bleiben Sie anonym, solange Sie uns nicht von sich aus freiwillig personenbezogene Daten zur Verf\u00fcgung stellen. Personenbezogene Daten werden nur dann erhoben, wenn dies f\u00fcr die Nutzung der auf der Webseite angebotenen Leistungen erforderlich ist (Kontakt via E-Mail).<\/p>\n\n<p>Wir werden die von Ihnen zur Verf\u00fcgung gestellten Daten streng vertraulich behandeln. Ohne Ihre ausdr\u00fcckliche Einwilligung geben wir keine pers\u00f6nlichen Daten weiter, es sei denn, dass wir rechtlich dazu verpflichtet sind. Wir weisen jedoch darauf hin, dass es bei der \u00dcbermittlung von Daten im Internet immer dazu kommen kann, dass Dritte Ihre Daten zur Kenntnis nehmen oder diese verf\u00e4lschen.<\/p>\n\n<p>Sofern Sie es von uns verlangen, gew\u00e4hren wir Ihnen Einblick in die \u00fcber Sie gespeicherten Daten, beziehungsweise l\u00f6schen diese. Wenn Sie Daten berichtigen, l\u00f6schen oder einsehen wollen, gen\u00fcgt hierf\u00fcr ein Schreiben an die oben angegebene Adresse.<\/p>\n\n<p>Im Rahmen der Benachrichtigung unserer Kunden \u00fcber neue Produkte, etc. senden wir Ihnen E-Mails nur zu, sofern Sie uns Ihre E-Mail-Adresse f\u00fcr diese Zwecke zur Verf\u00fcgung gestellt haben.<\/p>\n\n<p>Definitionen der verwendeten Begriffe (z.B. \u201epersonbezogene Daten\u201c oder \u201eVerarbeitung\u201c) finden Sie in Art. 4 DSGVO.<\/p>\n\n<h3 class=\"wp-block-heading\"><strong>SSL-Verschl\u00fcsselung<\/strong><\/h3>\n\n<p>Um Ihre \u00fcbermittelten Daten bestm\u00f6glich zu sch\u00fctzen nutzen die Websitebetreiber eine SSL-Verschl\u00fcsselung. Sie erkennen derart verschl\u00fcsselte Verbindungen an dem Pr\u00e4fix \u201chttps:\/\/\u201c im Seitenlink in der Adresszeile Ihres Browsers. Unverschl\u00fcsselte Seite sind durch \u201ehttp:\/\/\u201c gekennzeichnet.<\/p>\n\n<p>S\u00e4mtliche Daten, welche Sie an diese Website \u00fcbermitteln \u2013 etwa bei Anfragen \u2013 k\u00f6nnen dank SSL-Verschl\u00fcsselung nicht von Dritten gelesen werden.<\/p>\n\n<h3 class=\"wp-block-heading\">Informationen \u00fcber Cookies<\/h3>\n\n<p><a href=\"https:\/\/www.gftd.de\/cookie-richtlinie-eu\/\">Cookie-Richtlinie (EU)<\/a><\/p>\n\n<h3 class=\"wp-block-heading\">Rechte des Nutzers<\/h3>\n\n<p>Sie haben als Nutzer das Recht, auf Antrag eine kostenlose Auskunft dar\u00fcber zu erhalten, welche personenbezogenen Daten \u00fcber Sie gespeichert wurden. Sie haben au\u00dferdem das Recht auf Berichtigung falscher Daten und auf die Verarbeitungseinschr\u00e4nkung oder L\u00f6schung Ihrer personenbezogenen Daten. Falls zutreffend, k\u00f6nnen Sie auch Ihr Recht auf Datenportabilit\u00e4t geltend machen. Sollten Sie annehmen, dass Ihre Daten unrechtm\u00e4\u00dfig verarbeitet wurden, k\u00f6nnen Sie eine Beschwerde bei der zust\u00e4ndigen Aufsichtsbeh\u00f6rde einreichen.<\/p>\n\n<h3 class=\"wp-block-heading\">L\u00f6schung von Daten<\/h3>\n\n<p>Sofern Ihr Wunsch nicht mit einer gesetzlichen Pflicht zur Aufbewahrung von Daten (z. B. Vorratsdatenspeicherung) kollidiert, haben Sie ein Anrecht auf L\u00f6schung Ihrer Daten. Von uns gespeicherte Daten werden, sollten sie f\u00fcr ihre Zweckbestimmung nicht mehr vonn\u00f6ten sein und es keine gesetzlichen Aufbewahrungsfristen geben, gel\u00f6scht. Falls eine L\u00f6schung nicht durchgef\u00fchrt werden kann, da die Daten f\u00fcr zul\u00e4ssige gesetzliche Zwecke erforderlich sind, erfolgt eine Einschr\u00e4nkung der Datenverarbeitung. In diesem Fall werden die Daten gesperrt und nicht f\u00fcr andere Zwecke verarbeitet.<\/p>\n\n<h3 class=\"wp-block-heading\">Widerspruchsrecht<\/h3>\n\n<p>Nutzer dieser Webseite k\u00f6nnen von ihrem Widerspruchsrecht Gebrauch machen und der Verarbeitung ihrer personenbezogenen Daten zu jeder Zeit widersprechen.<\/p>\n\n<p><\/p>\n\n<hr class=\"wp-block-separator has-alpha-channel-opacity\"\/>\n\n<p>Bei Fragen hinsichtlich der Verarbeitung Ihrer pers\u00f6nlichen Daten k\u00f6nnen Sie sich direkt an unseren Datenschutzbeauftragten wenden, der auch im Falle von Auskunftsersuchen, Antr\u00e4gen oder Beschwerden Ihr Ansprechpartner ist:<\/p>\n\n<h3 class=\"wp-block-heading\"><strong>Datenschutzbeauftragte<\/strong>r<\/h3>\n\n<p><strong>Gilbert Staffler<\/strong><br\/>Telefon: +49 (0) 201 &#8211; 530091<br\/>E-Mail:\u00a0<a href=\"mailto:datenschutz@gftd-united.com\">datenschutz@gftd-united.com<\/a><\/p>\n\n<hr class=\"wp-block-separator has-alpha-channel-opacity\"\/>\n\n<h3 class=\"wp-block-heading\"><\/h3>\n\n<h3 class=\"wp-block-heading\"><strong>Quellenverzeichnis<\/strong><\/h3>\n\n<figure class=\"wp-block-table\"><table class=\"has-fixed-layout\"><tbody><tr><td><strong>VERWENDUNG<\/strong><\/td><td><strong>QUELLE<\/strong><\/td><\/tr><tr><td>Unternehmen<\/td><td>Mobilfunkmast_viele_02<br\/>\u00a9 rcx \u2013 stock.adobe.com<\/td><\/tr><tr><td>Unternehmen<\/td><td>architekt arbeitet am computer<br\/>\u00a9 contrastwerkstatt \u2013 stock.adobe.com<\/td><\/tr><tr><td>Unternehmen<\/td><td>Junges Business-team in einer Besprechung<br\/>\u00a9 contrastwerkstatt \u2013 stock.adobe.com<\/td><\/tr><tr><td>Unternehmen<\/td><td>Kommunikation Antenne\u00a0\u00a9 Matthias Buehner<br\/>\u00a9\u00a0Matthias Buehner \u2013\u00a0stock.adobe.com<\/td><\/tr><tr><td>Unternehmen<\/td><td>Montage Basisstation<br\/>\u00a9 Kara \u2013\u00a0stock.adobe.com<\/td><\/tr><tr><td>Unternehmen<\/td><td>Baustelle<br\/>\u00a9 bildergala \u2013\u00a0stock.adobe.com<\/td><\/tr><tr><td>Unternehmen<\/td><td>Concept of finding favorites places on an online map \u2013 Technology concept<br\/>\u00a9 Production Perig \u2013\u00a0stock.adobe.com<\/td><\/tr><tr><td>Unternehmen<\/td><td>View over lake \u2013 Ph\u00f6nixsee<br\/>\u00a9 seder_3107 \u2013\u00a0stock.adobe.com<\/td><\/tr><tr><td>Unternehmen<\/td><td>Spreadsheet Marketing Budget Report File Concept<br\/>\u00a9 Rawpixel.com \u2013 stock.adobe.com<\/td><\/tr><tr><td>Unternehmen<\/td><td>Technician walking in server room<br\/>\u00a9 WavebreakmediaMicro \u2013 stock.adobe.com<\/td><\/tr><tr><td>Unternehmen<\/td><td>Technology center with fiber optic equipment<br\/>\u00a9 xiaoliangge \u2013 stock.adobe.com<\/td><\/tr><tr><td>Unternehmen<\/td><td>Neu verlegte Telefonleitungen<br\/>\u00a9 ThomBal \u2013 stock.adobe.com<\/td><\/tr><tr><td>Unternehmen<\/td><td>Quality Control Blue Stripes Keywords<br\/>\u00a9 ileezhun \u2013 stock.adobe.com<\/td><\/tr><tr><td>Unternehmen<\/td><td>Technology center with fiber optic equipment<br\/>\u00a9xiaoliangge \u2013 stock.adobe.com<\/td><\/tr><\/tbody><\/table><\/figure>\n\n<p><\/p>\n","protected":false},"excerpt":{"rendered":"<p>Datenschutzerkl\u00e4rung f\u00fcr die Nutzung unserer Webseiten Wir erheben, verarbeiten und nutzen Ihre Daten nur im Rahmen der gesetzlichen Bestimmungen. Diese Datenschutzerkl\u00e4rung gilt ausschlie\u00dflich f\u00fcr die Nutzung der von uns angebotenen Webseiten. Sie gilt nicht f\u00fcr die Webseiten anderer Dienstanbieter, auf die wir lediglich durch einen Link verweisen. Bei der Nutzung unserer Webseiten bleiben Sie anonym, [&hellip;]<\/p>\n","protected":false},"author":13,"featured_media":0,"parent":0,"menu_order":0,"comment_status":"closed","ping_status":"closed","template":"","meta":{"footnotes":""},"class_list":["post-1847","page","type-page","status-publish","hentry"],"yoast_head":"<!-- This site is optimized with the Yoast SEO plugin v27.4 - https:\/\/yoast.com\/product\/yoast-seo-wordpress\/ -->\n<title>Datenschutzhinweise - GfTD<\/title>\n<meta name=\"robots\" content=\"index, follow, max-snippet:-1, max-image-preview:large, max-video-preview:-1\" \/>\n<link rel=\"canonical\" href=\"https:\/\/www.gftd.de\/en\/dataprotection\/\" \/>\n<meta property=\"og:locale\" content=\"en_US\" \/>\n<meta property=\"og:type\" content=\"article\" \/>\n<meta property=\"og:title\" content=\"Datenschutzhinweise - GfTD\" \/>\n<meta property=\"og:description\" content=\"Datenschutzerkl\u00e4rung f\u00fcr die Nutzung unserer Webseiten Wir erheben, verarbeiten und nutzen Ihre Daten nur im Rahmen der gesetzlichen Bestimmungen. Diese Datenschutzerkl\u00e4rung gilt ausschlie\u00dflich f\u00fcr die Nutzung der von uns angebotenen Webseiten. Sie gilt nicht f\u00fcr die Webseiten anderer Dienstanbieter, auf die wir lediglich durch einen Link verweisen. Bei der Nutzung unserer Webseiten bleiben Sie anonym, [&hellip;]\" \/>\n<meta property=\"og:url\" content=\"https:\/\/www.gftd.de\/en\/dataprotection\/\" \/>\n<meta property=\"og:site_name\" content=\"GfTD\" \/>\n<meta property=\"article:modified_time\" content=\"2025-04-10T09:36:52+00:00\" \/>\n<meta name=\"twitter:card\" content=\"summary_large_image\" \/>\n<meta name=\"twitter:label1\" content=\"Est. reading time\" \/>\n\t<meta name=\"twitter:data1\" content=\"3 minutes\" \/>\n<script type=\"application\/ld+json\" class=\"yoast-schema-graph\">{\"@context\":\"https:\\\/\\\/schema.org\",\"@graph\":[{\"@type\":\"WebPage\",\"@id\":\"https:\\\/\\\/www.gftd.de\\\/en\\\/dataprotection\\\/\",\"url\":\"https:\\\/\\\/www.gftd.de\\\/en\\\/dataprotection\\\/\",\"name\":\"Datenschutzhinweise - GfTD\",\"isPartOf\":{\"@id\":\"https:\\\/\\\/www.gftd.de\\\/#website\"},\"datePublished\":\"2025-04-10T09:35:46+00:00\",\"dateModified\":\"2025-04-10T09:36:52+00:00\",\"breadcrumb\":{\"@id\":\"https:\\\/\\\/www.gftd.de\\\/en\\\/dataprotection\\\/#breadcrumb\"},\"inLanguage\":\"en-US\",\"potentialAction\":[{\"@type\":\"ReadAction\",\"target\":[\"https:\\\/\\\/www.gftd.de\\\/en\\\/dataprotection\\\/\"]}]},{\"@type\":\"BreadcrumbList\",\"@id\":\"https:\\\/\\\/www.gftd.de\\\/en\\\/dataprotection\\\/#breadcrumb\",\"itemListElement\":[{\"@type\":\"ListItem\",\"position\":1,\"name\":\"Startseite\",\"item\":\"https:\\\/\\\/www.gftd.de\\\/en\\\/\"},{\"@type\":\"ListItem\",\"position\":2,\"name\":\"Datenschutzhinweise\"}]},{\"@type\":\"WebSite\",\"@id\":\"https:\\\/\\\/www.gftd.de\\\/#website\",\"url\":\"https:\\\/\\\/www.gftd.de\\\/\",\"name\":\"GfTD\",\"description\":\"Starke Partner f\u00fcr starke Netze!\",\"potentialAction\":[{\"@type\":\"SearchAction\",\"target\":{\"@type\":\"EntryPoint\",\"urlTemplate\":\"https:\\\/\\\/www.gftd.de\\\/?s={search_term_string}\"},\"query-input\":{\"@type\":\"PropertyValueSpecification\",\"valueRequired\":true,\"valueName\":\"search_term_string\"}}],\"inLanguage\":\"en-US\"}]}<\/script>\n<!-- \/ Yoast SEO plugin. -->","yoast_head_json":{"title":"Datenschutzhinweise - GfTD","robots":{"index":"index","follow":"follow","max-snippet":"max-snippet:-1","max-image-preview":"max-image-preview:large","max-video-preview":"max-video-preview:-1"},"canonical":"https:\/\/www.gftd.de\/en\/dataprotection\/","og_locale":"en_US","og_type":"article","og_title":"Datenschutzhinweise - GfTD","og_description":"Datenschutzerkl\u00e4rung f\u00fcr die Nutzung unserer Webseiten Wir erheben, verarbeiten und nutzen Ihre Daten nur im Rahmen der gesetzlichen Bestimmungen. Diese Datenschutzerkl\u00e4rung gilt ausschlie\u00dflich f\u00fcr die Nutzung der von uns angebotenen Webseiten. Sie gilt nicht f\u00fcr die Webseiten anderer Dienstanbieter, auf die wir lediglich durch einen Link verweisen. Bei der Nutzung unserer Webseiten bleiben Sie anonym, [&hellip;]","og_url":"https:\/\/www.gftd.de\/en\/dataprotection\/","og_site_name":"GfTD","article_modified_time":"2025-04-10T09:36:52+00:00","twitter_card":"summary_large_image","twitter_misc":{"Est. reading time":"3 minutes"},"schema":{"@context":"https:\/\/schema.org","@graph":[{"@type":"WebPage","@id":"https:\/\/www.gftd.de\/en\/dataprotection\/","url":"https:\/\/www.gftd.de\/en\/dataprotection\/","name":"Datenschutzhinweise - GfTD","isPartOf":{"@id":"https:\/\/www.gftd.de\/#website"},"datePublished":"2025-04-10T09:35:46+00:00","dateModified":"2025-04-10T09:36:52+00:00","breadcrumb":{"@id":"https:\/\/www.gftd.de\/en\/dataprotection\/#breadcrumb"},"inLanguage":"en-US","potentialAction":[{"@type":"ReadAction","target":["https:\/\/www.gftd.de\/en\/dataprotection\/"]}]},{"@type":"BreadcrumbList","@id":"https:\/\/www.gftd.de\/en\/dataprotection\/#breadcrumb","itemListElement":[{"@type":"ListItem","position":1,"name":"Startseite","item":"https:\/\/www.gftd.de\/en\/"},{"@type":"ListItem","position":2,"name":"Datenschutzhinweise"}]},{"@type":"WebSite","@id":"https:\/\/www.gftd.de\/#website","url":"https:\/\/www.gftd.de\/","name":"GfTD","description":"Starke Partner f\u00fcr starke Netze!","potentialAction":[{"@type":"SearchAction","target":{"@type":"EntryPoint","urlTemplate":"https:\/\/www.gftd.de\/?s={search_term_string}"},"query-input":{"@type":"PropertyValueSpecification","valueRequired":true,"valueName":"search_term_string"}}],"inLanguage":"en-US"}]}},"_links":{"self":[{"href":"https:\/\/www.gftd.de\/en\/wp-json\/wp\/v2\/pages\/1847","targetHints":{"allow":["GET"]}}],"collection":[{"href":"https:\/\/www.gftd.de\/en\/wp-json\/wp\/v2\/pages"}],"about":[{"href":"https:\/\/www.gftd.de\/en\/wp-json\/wp\/v2\/types\/page"}],"author":[{"embeddable":true,"href":"https:\/\/www.gftd.de\/en\/wp-json\/wp\/v2\/users\/13"}],"replies":[{"embeddable":true,"href":"https:\/\/www.gftd.de\/en\/wp-json\/wp\/v2\/comments?post=1847"}],"version-history":[{"count":0,"href":"https:\/\/www.gftd.de\/en\/wp-json\/wp\/v2\/pages\/1847\/revisions"}],"wp:attachment":[{"href":"https:\/\/www.gftd.de\/en\/wp-json\/wp\/v2\/media?parent=1847"}],"curies":[{"name":"wp","href":"https:\/\/api.w.org\/{rel}","templated":true}]}}