{"id":552,"date":"2017-05-08T14:06:51","date_gmt":"2017-05-08T12:06:51","guid":{"rendered":"https:\/\/www.gftd.de\/?page_id=552"},"modified":"2026-01-27T10:45:04","modified_gmt":"2026-01-27T09:45:04","slug":"imprint","status":"publish","type":"page","link":"https:\/\/www.gftd.de\/en\/imprint\/","title":{"rendered":"Imprint"},"content":{"rendered":"<div class=\"flex_column av_one_full  flex_column_div av-zero-column-padding first  avia-builder-el-0  el_before_av_textblock  avia-builder-el-first  \" style='background:url(https:\/\/www.gftd.de\/wp-content\/uploads\/2017\/02\/lines.png) top left no-repeat ; border-radius:0px; '><\/div>\n<section class=\"av_textblock_section \"  itemscope=\"itemscope\" itemtype=\"https:\/\/schema.org\/CreativeWork\" ><div class='avia_textblock  '   itemprop=\"text\" ><\/div><\/section>\n<h2>Imprint<\/h2>\n<div class=\"line_left\"><\/div>\n<p><strong>GfTD GmbH<\/strong><br \/>\nPhoenixseestra\u00dfe 8-10<br \/>\n44263 Dortmund<\/p>\n<p>Telefon: +49 231 475480-10<br \/>\nFax: +49 231 475480-29<br \/>\nE-Mail: info@gftd.de<\/p>\n<p>Gesch\u00e4ftsf\u00fchrer: Pia Lempik, Thomas Lempik, Amir Javeed Butt<br \/>\nHandelsregister: Dortmund HRB22924<br \/>\nUST-ID: DE 251562862<br \/>\n<!--\n\n\n<h2>Datenschutz\u00adbestimmungen<\/h2>\n\n\n\n\n<div class=\"line_left\">Wir erheben, verarbeiten und nutzen Ihre Daten nur im Rahmen der gesetzlichen Bestimmungen. Diese Datenschutzerkl\u00e4rung gilt ausschlie\u00dflich f\u00fcr die Nutzung der von uns angebotenen Webseiten. Sie gilt nicht f\u00fcr die Webseiten anderer Dienstanbieter, auf die wir lediglich durch einen Link verweisen.<\/div>\n\n\nBei der Nutzung unserer Webseiten bleiben Sie anonym, solange Sie uns nicht von sich aus freiwillig personenbezogene Daten zur Verf\u00fcgung stellen. Personenbezogene Daten werden nur dann erhoben, wenn dies f\u00fcr die Nutzung der auf der Webseite angebotenen Leistungen, insbesondere Formularangebote, erforderlich ist.\n\nWir werden die von Ihnen zur Verf\u00fcgung gestellten Daten streng vertraulich behandeln. Ohne Ihre ausdr\u00fcckliche Einwilligung geben wir keine pers\u00f6nlichen Daten weiter, es sei denn, dass wir rechtlich dazu verpflichtet sind. Wir weisen jedoch darauf hin, dass es bei der \u00dcbermittlung von Daten im Internet immer dazu kommen kann, dass Dritte Ihre Daten zur Kenntnis nehmen oder diese verf\u00e4lschen.\n\nSofern Sie es von uns verlangen, gew\u00e4hren wir Ihnen Einblick in die \u00fcber Sie gespeicherten Daten, beziehungsweise l\u00f6schen diese. Wenn Sie Daten berichtigen, l\u00f6schen oder einsehen wollen, gen\u00fcgt hierf\u00fcr ein Schreiben an die oben angegebene Adresse.\n\nIm Rahmen der Benachrichtigung unserer Kunden \u00fcber neue Produkte, etc. senden wir Ihnen E-Mails nur zu, sofern Sie uns Ihre E-Mail-Adresse f\u00fcr diese Zwecke zur Verf\u00fcgung gestellt haben.\n\n\n<h3>Informationen \u00fcber Cookies<\/h3>\n\n\n(1) Zur Optimierung unseres Internetauftritts setzen wir Cookies ein. Es handelt sich dabei um kleine Textdateien, die im Arbeitsspeicher Ihres Computers gespeichert werden. Diese Cookies werden nach dem Schlie\u00dfen des Browsers wieder gel\u00f6scht. Andere Cookies verbleiben auf Ihrem Rechner (Langzeit-Cookies) und erkennen ihn beim n\u00e4chsten Besuch wieder. Dadurch k\u00f6nnen wir Ihnen einen besseren Zugang auf unsere Seite erm\u00f6glichen.\n(2) Das Speichern von Cookies k\u00f6nnen Sie verhindern, indem Sie in Ihren Browser-Einstellungen \"Cookies blockieren\" w\u00e4hlen. Dies kann aber eine Funktionseinschr\u00e4nkung unserer Angebote zur Folge haben.\n\n\n<h3>Hinweis zur Verwendung von \u201eGoogle Analytics\u201c<\/h3>\n\n\nDiese Website benutzt Google Analytics, einen Webanalysedienst der Google Inc. (\u201eGoogle\u201c). Google Analytics verwendet sog. \u201eCookies\u201c, Textdateien, die auf Ihrem Computer gespeichert werden und die eine Analyse der Benutzung der Website durch Sie erm\u00f6glichen. Die durch den Cookie erzeugten Informationen \u00fcber Ihre Benutzung dieser Website werden in der Regel an einen Server von Google in den USA \u00fcbertragen und dort gespeichert. Im Falle der Aktivierung der IP-Anonymisierung auf dieser Webseite, wird Ihre IP-Adresse von Google jedoch innerhalb von Mitgliedstaaten der Europ\u00e4ischen Union oder in anderen Vertragsstaaten des Abkommens \u00fcber den Europ\u00e4ischen Wirtschaftsraum zuvor gek\u00fcrzt. Nur in Ausnahmef\u00e4llen wird die volle IP-Adresse an einen Server von Google in den USA \u00fcbertragen und dort gek\u00fcrzt. Im Auftrag des Betreibers dieser Website wird Google diese Informationen benutzen, um Ihre Nutzung der Website auszuwerten, um Reports \u00fcber die Websiteaktivit\u00e4ten zusammenzustellen und um weitere mit der Websitenutzung und der Internetnutzung verbundene Dienstleistungen gegen\u00fcber dem Websitebetreiber zu erbringen. Die im Rahmen von Google Analytics von Ihrem Browser \u00fcbermittelte IP-Adresse wird nicht mit anderen Daten von Google zusammengef\u00fchrt. Sie k\u00f6nnen die Speicherung der Cookies durch eine entsprechende Einstellung Ihrer Browser-Software verhindern; wir weisen Sie jedoch darauf hin, dass Sie in diesem Fall gegebenenfalls nicht s\u00e4mtliche Funktionen dieser Website vollumf\u00e4nglich werden nutzen k\u00f6nnen. Sie k\u00f6nnen dar\u00fcber hinaus die Erfassung der durch das Cookie erzeugten und auf Ihre Nutzung der Website bezogenen Daten (inkl. Ihrer IP-Adresse) an Google sowie die Verarbeitung dieser Daten durch Google verhindern, indem sie das unter dem folgenden Link (<a href=\"http:\/\/tools.google.com\/dlpage\/gaoptout?hl=de\" target=\"_blank\" rel=\"noopener noreferrer\">http:\/\/tools.google.com\/dlpage\/gaoptout?hl=de<\/a>) verf\u00fcgbare Browser-Plugin herunterladen und installieren.\n\n\n\n<hr \/>\n\n\n\nBei Fragen hinsichtlich der Verarbeitung Ihrer pers\u00f6nlichen Daten k\u00f6nnen Sie sich direkt an unseren Datenschutzbeauftragten wenden, der auch im Falle von Auskunftsersuchen, Antr\u00e4gen oder Beschwerden Ihr Ansprechpartner ist:\n\n<b>Datenschutzbeauftragte<\/b>\n<b>Silke Krieger<\/b>\nGesellschaft f\u00fcr Telekommunikation Deutschland mbH\nAm Kai 22\n44263 Dortmund\nE-Mail: datenschutzbeauftragter@gftd.de\n--><\/p>\n<p>Organtr\u00e4ger: GfTD United SE<br \/>\nUmsatzsteuer-ID des Organtr\u00e4gers: DE357682207<\/p>\n","protected":false},"excerpt":{"rendered":"<p>Imprint GfTD GmbH Phoenixseestra\u00dfe 8-10 44263 Dortmund Telefon: +49 231 475480-10 Fax: +49 231 475480-29 E-Mail: info@gftd.de Gesch\u00e4ftsf\u00fchrer: Pia Lempik, Thomas Lempik, Amir Javeed Butt Handelsregister: Dortmund HRB22924 UST-ID: DE 251562862 Organtr\u00e4ger: GfTD United SE Umsatzsteuer-ID des Organtr\u00e4gers: DE357682207<\/p>\n","protected":false},"author":1,"featured_media":0,"parent":0,"menu_order":0,"comment_status":"closed","ping_status":"closed","template":"","meta":{"footnotes":""},"class_list":["post-552","page","type-page","status-publish","hentry"],"yoast_head":"<!-- This site is optimized with the Yoast SEO plugin v27.2 - https:\/\/yoast.com\/product\/yoast-seo-wordpress\/ -->\n<title>GfTD: Impressum der Gesellschaft f\u00fcr Telekommunikation Deutschland mbH<\/title>\n<meta name=\"description\" content=\"Das Impressum der GfTD in Dortmund enth\u00e4lt Angaben zum Unternehmen, den Gesch\u00e4ftsf\u00fchrern und den Datenschutzbestimmungen.\" \/>\n<meta name=\"robots\" content=\"index, follow, max-snippet:-1, max-image-preview:large, max-video-preview:-1\" \/>\n<link rel=\"canonical\" href=\"https:\/\/www.gftd.de\/en\/imprint\/\" \/>\n<meta property=\"og:locale\" content=\"en_US\" \/>\n<meta property=\"og:type\" content=\"article\" \/>\n<meta property=\"og:title\" content=\"GfTD: Impressum der Gesellschaft f\u00fcr Telekommunikation Deutschland mbH\" \/>\n<meta property=\"og:description\" content=\"Das Impressum der GfTD in Dortmund enth\u00e4lt Angaben zum Unternehmen, den Gesch\u00e4ftsf\u00fchrern und den Datenschutzbestimmungen.\" \/>\n<meta property=\"og:url\" content=\"https:\/\/www.gftd.de\/en\/imprint\/\" \/>\n<meta property=\"og:site_name\" content=\"GfTD\" \/>\n<meta property=\"article:modified_time\" content=\"2026-01-27T09:45:04+00:00\" \/>\n<meta name=\"twitter:card\" content=\"summary_large_image\" \/>\n<meta name=\"twitter:label1\" content=\"Est. reading time\" \/>\n\t<meta name=\"twitter:data1\" content=\"1 minute\" \/>\n<script type=\"application\/ld+json\" class=\"yoast-schema-graph\">{\"@context\":\"https:\/\/schema.org\",\"@graph\":[{\"@type\":\"WebPage\",\"@id\":\"https:\/\/www.gftd.de\/en\/imprint\/\",\"url\":\"https:\/\/www.gftd.de\/en\/imprint\/\",\"name\":\"GfTD: Impressum der Gesellschaft f\u00fcr Telekommunikation Deutschland mbH\",\"isPartOf\":{\"@id\":\"https:\/\/www.gftd.de\/#website\"},\"datePublished\":\"2017-05-08T12:06:51+00:00\",\"dateModified\":\"2026-01-27T09:45:04+00:00\",\"description\":\"Das Impressum der GfTD in Dortmund enth\u00e4lt Angaben zum Unternehmen, den Gesch\u00e4ftsf\u00fchrern und den Datenschutzbestimmungen.\",\"breadcrumb\":{\"@id\":\"https:\/\/www.gftd.de\/en\/imprint\/#breadcrumb\"},\"inLanguage\":\"en-US\",\"potentialAction\":[{\"@type\":\"ReadAction\",\"target\":[\"https:\/\/www.gftd.de\/en\/imprint\/\"]}]},{\"@type\":\"BreadcrumbList\",\"@id\":\"https:\/\/www.gftd.de\/en\/imprint\/#breadcrumb\",\"itemListElement\":[{\"@type\":\"ListItem\",\"position\":1,\"name\":\"Startseite\",\"item\":\"https:\/\/www.gftd.de\/en\/\"},{\"@type\":\"ListItem\",\"position\":2,\"name\":\"Imprint\"}]},{\"@type\":\"WebSite\",\"@id\":\"https:\/\/www.gftd.de\/#website\",\"url\":\"https:\/\/www.gftd.de\/\",\"name\":\"GfTD\",\"description\":\"Starke Partner f\u00fcr starke Netze!\",\"potentialAction\":[{\"@type\":\"SearchAction\",\"target\":{\"@type\":\"EntryPoint\",\"urlTemplate\":\"https:\/\/www.gftd.de\/?s={search_term_string}\"},\"query-input\":{\"@type\":\"PropertyValueSpecification\",\"valueRequired\":true,\"valueName\":\"search_term_string\"}}],\"inLanguage\":\"en-US\"}]}<\/script>\n<!-- \/ Yoast SEO plugin. -->","yoast_head_json":{"title":"GfTD: Impressum der Gesellschaft f\u00fcr Telekommunikation Deutschland mbH","description":"Das Impressum der GfTD in Dortmund enth\u00e4lt Angaben zum Unternehmen, den Gesch\u00e4ftsf\u00fchrern und den Datenschutzbestimmungen.","robots":{"index":"index","follow":"follow","max-snippet":"max-snippet:-1","max-image-preview":"max-image-preview:large","max-video-preview":"max-video-preview:-1"},"canonical":"https:\/\/www.gftd.de\/en\/imprint\/","og_locale":"en_US","og_type":"article","og_title":"GfTD: Impressum der Gesellschaft f\u00fcr Telekommunikation Deutschland mbH","og_description":"Das Impressum der GfTD in Dortmund enth\u00e4lt Angaben zum Unternehmen, den Gesch\u00e4ftsf\u00fchrern und den Datenschutzbestimmungen.","og_url":"https:\/\/www.gftd.de\/en\/imprint\/","og_site_name":"GfTD","article_modified_time":"2026-01-27T09:45:04+00:00","twitter_card":"summary_large_image","twitter_misc":{"Est. reading time":"1 minute"},"schema":{"@context":"https:\/\/schema.org","@graph":[{"@type":"WebPage","@id":"https:\/\/www.gftd.de\/en\/imprint\/","url":"https:\/\/www.gftd.de\/en\/imprint\/","name":"GfTD: Impressum der Gesellschaft f\u00fcr Telekommunikation Deutschland mbH","isPartOf":{"@id":"https:\/\/www.gftd.de\/#website"},"datePublished":"2017-05-08T12:06:51+00:00","dateModified":"2026-01-27T09:45:04+00:00","description":"Das Impressum der GfTD in Dortmund enth\u00e4lt Angaben zum Unternehmen, den Gesch\u00e4ftsf\u00fchrern und den Datenschutzbestimmungen.","breadcrumb":{"@id":"https:\/\/www.gftd.de\/en\/imprint\/#breadcrumb"},"inLanguage":"en-US","potentialAction":[{"@type":"ReadAction","target":["https:\/\/www.gftd.de\/en\/imprint\/"]}]},{"@type":"BreadcrumbList","@id":"https:\/\/www.gftd.de\/en\/imprint\/#breadcrumb","itemListElement":[{"@type":"ListItem","position":1,"name":"Startseite","item":"https:\/\/www.gftd.de\/en\/"},{"@type":"ListItem","position":2,"name":"Imprint"}]},{"@type":"WebSite","@id":"https:\/\/www.gftd.de\/#website","url":"https:\/\/www.gftd.de\/","name":"GfTD","description":"Starke Partner f\u00fcr starke Netze!","potentialAction":[{"@type":"SearchAction","target":{"@type":"EntryPoint","urlTemplate":"https:\/\/www.gftd.de\/?s={search_term_string}"},"query-input":{"@type":"PropertyValueSpecification","valueRequired":true,"valueName":"search_term_string"}}],"inLanguage":"en-US"}]}},"_links":{"self":[{"href":"https:\/\/www.gftd.de\/en\/wp-json\/wp\/v2\/pages\/552","targetHints":{"allow":["GET"]}}],"collection":[{"href":"https:\/\/www.gftd.de\/en\/wp-json\/wp\/v2\/pages"}],"about":[{"href":"https:\/\/www.gftd.de\/en\/wp-json\/wp\/v2\/types\/page"}],"author":[{"embeddable":true,"href":"https:\/\/www.gftd.de\/en\/wp-json\/wp\/v2\/users\/1"}],"replies":[{"embeddable":true,"href":"https:\/\/www.gftd.de\/en\/wp-json\/wp\/v2\/comments?post=552"}],"version-history":[{"count":0,"href":"https:\/\/www.gftd.de\/en\/wp-json\/wp\/v2\/pages\/552\/revisions"}],"wp:attachment":[{"href":"https:\/\/www.gftd.de\/en\/wp-json\/wp\/v2\/media?parent=552"}],"curies":[{"name":"wp","href":"https:\/\/api.w.org\/{rel}","templated":true}]}}